{"id":769,"date":"2017-03-02T15:43:10","date_gmt":"2017-03-02T15:43:10","guid":{"rendered":"http:\/\/ld-wp.template-help.com\/wordpress_63359-sample\/?page_id=769"},"modified":"2017-10-18T10:08:45","modified_gmt":"2017-10-18T15:08:45","slug":"privacy-policy","status":"publish","type":"page","link":"https:\/\/www.paezasociados.com\/site\/privacy-policy","title":{"rendered":"Privacy Policy"},"content":{"rendered":"<p>[tm_pb_section admin_label=\u00bbsection\u00bb][tm_pb_row admin_label=\u00bbRow\u00bb][tm_pb_column type=\u00bb4_4&#8243;][tm_pb_divider admin_label=\u00bbDivider\u00bb color=\u00bb#ffffff\u00bb show_divider=\u00bboff\u00bb height=\u00bb81&#8243; height_laptop=\u00bb81&#8243; height_tablet=\u00bb28&#8243; height_phone=\u00bb28&#8243; height_last_edited=\u00bbon|phone\u00bb divider_style=\u00bbsolid\u00bb \/][tm_pb_text admin_label=\u00bbText\u00bb text_orientation=\u00bbcenter\u00bb use_border_color=\u00bboff\u00bb border_color=\u00bb#ffffff\u00bb border_style=\u00bbsolid\u00bb]<\/p>\n<h1>Pol\u00edtica de Calidad<\/h1>\n<p>[\/tm_pb_text][tm_pb_divider admin_label=\u00bbDivider\u00bb color=\u00bb#ffffff\u00bb show_divider=\u00bboff\u00bb height=\u00bb81&#8243; height_laptop=\u00bb81&#8243; height_tablet=\u00bb28&#8243; height_phone=\u00bb28&#8243; height_last_edited=\u00bbon|phone\u00bb divider_style=\u00bbsolid\u00bb \/][\/tm_pb_column][\/tm_pb_row][tm_pb_row admin_label=\u00bbRow\u00bb][tm_pb_column type=\u00bb1_4&#8243;][\/tm_pb_column][tm_pb_column type=\u00bb1_2&#8243;][tm_pb_text admin_label=\u00bbText\u00bb text_orientation=\u00bbjustified\u00bb use_border_color=\u00bboff\u00bb border_color=\u00bb#ffffff\u00bb border_style=\u00bbsolid\u00bb]<\/p>\n<p>Conozca m\u00e1s de nuestra pol\u00edtica de tratamiento de la informaci\u00f3n y datos personales, en el documento oficial que encontrar\u00e1 a continuaci\u00f3n:<\/p>\n<p>[\/tm_pb_text][tm_pb_divider admin_label=\u00bbDivider\u00bb color=\u00bb#ffffff\u00bb show_divider=\u00bboff\u00bb height=\u00bb81&#8243; height_laptop=\u00bb81&#8243; height_tablet=\u00bb28&#8243; height_phone=\u00bb28&#8243; height_last_edited=\u00bbon|phone\u00bb divider_style=\u00bbsolid\u00bb \/][tm_pb_button admin_label=\u00bbButton\u00bb button_url=\u00bbhttp:\/\/paezasociados.com\/docs\/6-P04-Politica-de-Tratamiento-de-la-informacion-de-datos-personales.pdf\u00bb url_new_window=\u00bbon\u00bb button_text=\u00bbPol\u00edtica de Datos Personales\u00bb button_alignment=\u00bbcenter\u00bb custom_button=\u00bboff\u00bb button_letter_spacing=\u00bb0&#8243; button_use_icon=\u00bbdefault\u00bb button_icon_placement=\u00bbright\u00bb button_on_hover=\u00bbon\u00bb button_letter_spacing_hover=\u00bb0&#8243; \/][tm_pb_divider admin_label=\u00bbDivider\u00bb color=\u00bb#ffffff\u00bb show_divider=\u00bboff\u00bb height=\u00bb81&#8243; height_laptop=\u00bb81&#8243; height_tablet=\u00bb28&#8243; height_phone=\u00bb28&#8243; height_last_edited=\u00bbon|phone\u00bb divider_style=\u00bbsolid\u00bb \/][\/tm_pb_column][tm_pb_column type=\u00bb1_4&#8243;][\/tm_pb_column][\/tm_pb_row][tm_pb_row admin_label=\u00bbrow\u00bb][tm_pb_column type=\u00bb4_4&#8243;][tm_pb_text admin_label=\u00bbText\u00bb text_orientation=\u00bbjustified\u00bb use_border_color=\u00bboff\u00bb border_color=\u00bb#ffffff\u00bb border_style=\u00bbsolid\u00bb]<\/p>\n<p>Nuestra firma busca la satisfacci\u00f3n del cliente prestando servicios profesionales de Auditor\u00eda y Revisor\u00eda Fiscal con un equipo humano motivado, capacitado y competente que contribuye al mejoramiento continuo tanto de la estructura organizacional de la firma, como la de nuestros clientes.<\/p>\n<h3>Esta p\u00e1gina le informa nuestras pol\u00edticas con respecto a la recopilaci\u00f3n, uso y divulgaci\u00f3n de Informaci\u00f3n Personal que recibimos de los usuarios del Sitio.<\/h3>\n<p>Utilizamos su informaci\u00f3n personal \u00fanicamente para proporcionar y mejorar el sitio. Al utilizar nuestro Sitio, usted acepta la recopilaci\u00f3n y el uso de la informaci\u00f3n de acuerdo con esta pol\u00edtica.<\/p>\n<h3>Recopilaci\u00f3n y uso de informaci\u00f3n<\/h3>\n<p>Mientras utilizamos nuestro Sitio, podemos pedirle que nos proporcione cierta informaci\u00f3n de identificaci\u00f3n personal que pueda utilizarse para contactarle o identificarle.<\/p>\n<p>Puede incluir informaci\u00f3n personal, pero no es\u00a0limitado a: nombre o \u00a0Informacion personal,\u00a0Dato de registro. Al igual que muchos operadores de sitios, recopilamos informaci\u00f3n que env\u00eda su navegador siempre que visite nuestro sitio.<\/p>\n<h3>Dato de registro<\/h3>\n<p>Estos datos de registro pueden incluir informaci\u00f3n como el protocolo de Internet y la direcci\u00f3n IP de sus computadoras: Tipo de navegador, Versi\u00f3n del navegador, Las p\u00e1ginas de nuestro Sitio que usted visita, La hora y la fecha de su visita, El tiempo dedicado a esas p\u00e1ginas y otras estad\u00edsticas.<\/p>\n<p>Adem\u00e1s, podemos utilizar servicios de terceros como Google Analytics que recopilan, monitorean y analizan este tipo de informaci\u00f3n&#8230;<\/p>\n<p>La secci\u00f3n de datos de registro es para empresas que utilizan servicios de an\u00e1lisis o de seguimiento en sitios web o aplicaciones, como Google Analytics.<\/p>\n<h3>Comunicaciones<\/h3>\n<p>Podemos usar su Informaci\u00f3n Personal para contactarle con boletines; Marketing o materiales promocionales y otra informaci\u00f3n.<\/p>\n<h3>Cookies<\/h3>\n<p>Las cookies son archivos con una peque\u00f1a cantidad de datos, que pueden incluir un identificador \u00fanico an\u00f3nimo. Las cookies se env\u00edan a su navegador desde un sitio web y se almacenan en el disco duro de sus computadoras.<\/p>\n<p>Al igual que muchos sitios web, utilizamos \u00abcookies\u00bb para recopilar informaci\u00f3n. Puede indicar a su navegador que rechace todas las cookies o que indique cu\u00e1ndo se env\u00eda una cookie. Sin embargo, si no acepta cookies,\u00a0podr\u00e1 utilizar algunas partes de nuestro Sitio.<\/p>\n<h3>Seguridad<\/h3>\n<p>La seguridad de su informaci\u00f3n personal es importante para nosotros, pero recuerde que ning\u00fan m\u00e9todo de transmisi\u00f3n a trav\u00e9s de Internet o el m\u00e9todo de almacenamiento electr\u00f3nico es 100% seguro. Aunque nos esforzamos por utilizar medios comercialmente aceptables para proteger su Informaci\u00f3n Personal, no podemos garantizar su seguridad absoluta debido a la naturaleza del proceso.<\/p>\n<h3>Cambios a esta pol\u00edtica de privacidad<\/h3>\n<p>Esta Pol\u00edtica de Privacidad entrar\u00e1 en vigencia a partir del 24 de Junio de 2017 y permanecer\u00e1 vigente excepto con respecto a cualquier cambio en sus provisiones en el futuro, el cual estar\u00e1 vigente inmediatamente despu\u00e9s de ser publicado en este<\/p>\n<h3>P\u00e1gina<\/h3>\n<p>Nos reservamos el derecho de actualizar o cambiar nuestra Pol\u00edtica de Privacidad en cualquier momento y usted debe revisar esta Pol\u00edtica de Privacidad peri\u00f3dicamente. Su uso continuado del Servicio despu\u00e9s de publicar cualquier modificaci\u00f3n a la Pol\u00edtica de Privacidad en esta p\u00e1gina constituir\u00e1 su reconocimiento de las modificaciones y su consentimiento para cumplir y estar sujeto a la Pol\u00edtica de Privacidad modificada.<\/p>\n<p>Si realizamos cambios materiales a esta Pol\u00edtica de privacidad, le notificaremos a trav\u00e9s de la direcci\u00f3n de correo electr\u00f3nico que nos ha proporcionado o mediante la colocaci\u00f3n de un aviso destacado en nuestro sitio.<\/p>\n<h3>Cont\u00e1ctenos<\/h3>\n<p>Si tiene alguna pregunta sobre esta Pol\u00edtica de Privacidad, p\u00f3ngase en <a href=\"https:\/\/www.paezasociados.com\/site\/contacts\">contacto con nosotros<\/a>.<\/p>\n<p>&nbsp;<\/p>\n<p>[\/tm_pb_text][tm_pb_divider admin_label=\u00bbDivider\u00bb color=\u00bb#ffffff\u00bb show_divider=\u00bboff\u00bb height=\u00bb81&#8243; height_laptop=\u00bb81&#8243; height_tablet=\u00bb28&#8243; height_phone=\u00bb28&#8243; height_last_edited=\u00bbon|phone\u00bb divider_style=\u00bbsolid\u00bb \/][\/tm_pb_column][\/tm_pb_row][tm_pb_row admin_label=\u00bbRow\u00bb make_fullwidth=\u00bboff\u00bb use_custom_width=\u00bboff\u00bb use_grid_padding=\u00bbon\u00bb width_unit=\u00bbon\u00bb padding_mobile=\u00bboff\u00bb background_color=\u00bb#00919e\u00bb allow_player_pause=\u00bboff\u00bb parallax=\u00bboff\u00bb parallax_method=\u00bboff\u00bb make_equal=\u00bboff\u00bb parallax_1=\u00bboff\u00bb parallax_method_1=\u00bboff\u00bb vertical_alligment_1=\u00bbstart\u00bb responsive_laptop_1=\u00bbinherit\u00bb responsive_tablet_1=\u00bbinherit\u00bb responsive_phone_1=\u00bbinherit\u00bb order_laptop_1=\u00bb1&#8243; order_tablet_1=\u00bb1&#8243; order_phone_1=\u00bb1&#8243; column_padding_mobile=\u00bbon\u00bb][tm_pb_column type=\u00bb4_4&#8243;][tm_pb_sidebar admin_label=\u00bbSidebar\u00bb orientation=\u00bbleft\u00bb area=\u00bbcherry-sidebars-0&#8243; header_text_color=\u00bb#ffffff\u00bb body_text_color=\u00bb#ffffff\u00bb \/][\/tm_pb_column][\/tm_pb_row][\/tm_pb_section]<\/p>\n","protected":false},"excerpt":{"rendered":"<p>[tm_pb_section admin_label=\u00bbsection\u00bb][tm_pb_row admin_label=\u00bbRow\u00bb][tm_pb_column type=\u00bb4_4&#8243;][tm_pb_divider admin_label=\u00bbDivider\u00bb color=\u00bb#ffffff\u00bb show_divider=\u00bboff\u00bb height=\u00bb81&#8243; height_laptop=\u00bb81&#8243; height_tablet=\u00bb28&#8243; height_phone=\u00bb28&#8243; height_last_edited=\u00bbon|phone\u00bb divider_style=\u00bbsolid\u00bb \/][tm_pb_text admin_label=\u00bbText\u00bb text_orientation=\u00bbcenter\u00bb use_border_color=\u00bboff\u00bb border_color=\u00bb#ffffff\u00bb border_style=\u00bbsolid\u00bb] Pol\u00edtica de Calidad [\/tm_pb_text][tm_pb_divider admin_label=\u00bbDivider\u00bb color=\u00bb#ffffff\u00bb show_divider=\u00bboff\u00bb height=\u00bb81&#8243; height_laptop=\u00bb81&#8243; height_tablet=\u00bb28&#8243; height_phone=\u00bb28&#8243; height_last_edited=\u00bbon|phone\u00bb divider_style=\u00bbsolid\u00bb \/][\/tm_pb_column][\/tm_pb_row][tm_pb_row admin_label=\u00bbRow\u00bb][tm_pb_column type=\u00bb1_4&#8243;][\/tm_pb_column][tm_pb_column type=\u00bb1_2&#8243;][tm_pb_text admin_label=\u00bbText\u00bb text_orientation=\u00bbjustified\u00bb use_border_color=\u00bboff\u00bb border_color=\u00bb#ffffff\u00bb border_style=\u00bbsolid\u00bb] Conozca m\u00e1s de nuestra pol\u00edtica de tratamiento de la informaci\u00f3n y datos personales, en [&hellip;]<\/p>\n","protected":false},"author":1,"featured_media":0,"parent":0,"menu_order":0,"comment_status":"closed","ping_status":"closed","template":"","meta":{"footnotes":""},"class_list":["post-769","page","type-page","status-publish","hentry"],"_links":{"self":[{"href":"https:\/\/www.paezasociados.com\/site\/wp-json\/wp\/v2\/pages\/769","targetHints":{"allow":["GET"]}}],"collection":[{"href":"https:\/\/www.paezasociados.com\/site\/wp-json\/wp\/v2\/pages"}],"about":[{"href":"https:\/\/www.paezasociados.com\/site\/wp-json\/wp\/v2\/types\/page"}],"author":[{"embeddable":true,"href":"https:\/\/www.paezasociados.com\/site\/wp-json\/wp\/v2\/users\/1"}],"replies":[{"embeddable":true,"href":"https:\/\/www.paezasociados.com\/site\/wp-json\/wp\/v2\/comments?post=769"}],"version-history":[{"count":6,"href":"https:\/\/www.paezasociados.com\/site\/wp-json\/wp\/v2\/pages\/769\/revisions"}],"predecessor-version":[{"id":1926,"href":"https:\/\/www.paezasociados.com\/site\/wp-json\/wp\/v2\/pages\/769\/revisions\/1926"}],"wp:attachment":[{"href":"https:\/\/www.paezasociados.com\/site\/wp-json\/wp\/v2\/media?parent=769"}],"curies":[{"name":"wp","href":"https:\/\/api.w.org\/{rel}","templated":true}]}}