{"id":474,"date":"2016-12-13T15:35:03","date_gmt":"2016-12-13T15:35:03","guid":{"rendered":"http:\/\/ld-wp.template-help.com\/wordpress_63359-sample\/?page_id=474"},"modified":"2017-10-18T12:37:00","modified_gmt":"2017-10-18T17:37:00","slug":"work-with-us","status":"publish","type":"page","link":"https:\/\/www.paezasociados.com\/site\/work-with-us","title":{"rendered":"Trabaje con Nosotros"},"content":{"rendered":"<p>[tm_pb_section admin_label=\u00bbSection\u00bb fullwidth=\u00bboff\u00bb specialty=\u00bboff\u00bb background_image=\u00bbhttps:\/\/www.paezasociados.com\/site\/wp-content\/uploads\/2016\/12\/work-with-us.png\u00bb transparent_background=\u00bbon\u00bb allow_player_pause=\u00bboff\u00bb inner_shadow=\u00bboff\u00bb parallax=\u00bbon\u00bb parallax_method=\u00bbon\u00bb padding_mobile=\u00bboff\u00bb make_fullwidth=\u00bboff\u00bb use_custom_width=\u00bboff\u00bb width_unit=\u00bbon\u00bb make_equal=\u00bboff\u00bb use_custom_gutter=\u00bboff\u00bb background_color=\u00bb#b7d1ed\u00bb custom_padding=\u00bb100px||100px|\u00bb custom_padding_last_edited=\u00bbon|phone\u00bb][tm_pb_row admin_label=\u00bbRow\u00bb make_fullwidth=\u00bboff\u00bb use_custom_width=\u00bboff\u00bb use_grid_padding=\u00bbon\u00bb width_unit=\u00bbon\u00bb padding_mobile=\u00bboff\u00bb custom_margin_last_edited=\u00bboff|desktop\u00bb allow_player_pause=\u00bboff\u00bb parallax=\u00bboff\u00bb parallax_method=\u00bboff\u00bb make_equal=\u00bboff\u00bb parallax_1=\u00bboff\u00bb parallax_method_1=\u00bboff\u00bb vertical_alligment_1=\u00bbstart\u00bb responsive_laptop_1=\u00bbinherit\u00bb responsive_tablet_1=\u00bbinherit\u00bb responsive_phone_1=\u00bbinherit\u00bb order_laptop_1=\u00bb1&#8243; order_tablet_1=\u00bb1&#8243; order_phone_1=\u00bb1&#8243; column_padding_mobile=\u00bbon\u00bb][tm_pb_column type=\u00bb4_4&#8243;][tm_pb_text admin_label=\u00bbText\u00bb text_orientation=\u00bbcenter\u00bb use_border_color=\u00bboff\u00bb border_color=\u00bb#ffffff\u00bb border_style=\u00bbsolid\u00bb disabled=\u00bbon\u00bb disabled_on=\u00bbon|on|on|on\u00bb]<\/p>\n<h2>Trabaje con Nosotros<\/h2>\n<p>[\/tm_pb_text][\/tm_pb_column][\/tm_pb_row][\/tm_pb_section][tm_pb_section admin_label=\u00bbSection\u00bb fullwidth=\u00bboff\u00bb specialty=\u00bboff\u00bb background_image=\u00bbhttps:\/\/www.paezasociados.com\/site\/wp-content\/uploads\/2016\/12\/Work_with_us-c.png\u00bb transparent_background=\u00bbon\u00bb allow_player_pause=\u00bboff\u00bb inner_shadow=\u00bboff\u00bb parallax=\u00bbon\u00bb parallax_method=\u00bbon\u00bb padding_mobile=\u00bboff\u00bb make_fullwidth=\u00bboff\u00bb use_custom_width=\u00bboff\u00bb width_unit=\u00bbon\u00bb make_equal=\u00bboff\u00bb use_custom_gutter=\u00bboff\u00bb][tm_pb_row admin_label=\u00bbRow\u00bb][tm_pb_column type=\u00bb4_4&#8243;][tm_pb_divider admin_label=\u00bbDivider\u00bb color=\u00bb#ffffff\u00bb show_divider=\u00bboff\u00bb height=\u00bb46&#8243; divider_style=\u00bbsolid\u00bb custom_margin=\u00bb50px||50px|\u00bb]<\/p>\n<p>[\/tm_pb_divider][\/tm_pb_column][\/tm_pb_row][tm_pb_row admin_label=\u00bbRow\u00bb][tm_pb_column type=\u00bb1_4&#8243;][tm_pb_text admin_label=\u00bbText\u00bb text_orientation=\u00bbjustified\u00bb use_border_color=\u00bboff\u00bb border_color=\u00bb#ffffff\u00bb border_style=\u00bbsolid\u00bb]<\/p>\n<div id=\"all-body-wrapper\">\n<div id=\"body-wrapper\">\n<div id=\"body-container\">\n<div id=\"content-wrapper\">\n<div id=\"content-block\">\n<div id=\"content\">\n<div id=\"content-int\">\n<div id=\"yoo-zoo\" class=\"yoo-zoo page-default page-default-trabaje-con-nosotros\">\n<div class=\"item\">\n<div class=\"floatbox\">\n<div class=\"pos-content\">\n<div class=\"element element-textarea first last\">\n<p>En <strong>MGI P\u00e1ez Asociados y Compa\u00f1\u00eda S.A.S.<\/strong>,\u00a0 resaltamos el <em>\u201cTalento y Profesionalismo\u201d<\/em> de nuestros colaboradores como uno de nuestros principios organizacionales claves para el buen desempe\u00f1o y \u00f3ptimo resultado de los proyectos asignados. Somos un grupo humano diverso en profesiones, ubicados geogr\u00e1ficamente en diferentes regiones del pa\u00eds, que trabaja en conjunto para desarrollar la empresa, crecer integralmente como seres humanos y profesionales, entregar valor a nuestros clientes y ejercer \u00e9ticamente sus funciones. Nuestras principales competencias son:<\/p>\n<p>\u00ba Trabajo en equipo<\/p>\n<p>\u00ba Orientaci\u00f3n hacia el servicio<\/p>\n<p>\u00ba Liderazgo y compromiso<\/p>\n<p>\u00ba Orientaci\u00f3n a los resultados<\/p>\n<\/div>\n<\/div>\n<\/div>\n<\/div>\n<\/div>\n<\/div>\n<\/div>\n<\/div>\n<\/div>\n<\/div>\n<\/div>\n<\/div>\n<p>[\/tm_pb_text][\/tm_pb_column][tm_pb_column type=\u00bb3_4&#8243;][tm_pb_text admin_label=\u00bbText\u00bb text_orientation=\u00bbjustified\u00bb use_border_color=\u00bboff\u00bb border_color=\u00bb#ffffff\u00bb border_style=\u00bbsolid\u00bb]<\/p>\n<h2 style=\"text-align: center;\">Formulario H.V.<\/h2>\n<p>Buen d\u00eda. Estoy interesad@ en poder trabajar de su lado para edificar un mejor pa\u00eds, construir sue\u00f1os y hacerlos realidad. Mis datos son:<\/p>\n<p>[\/tm_pb_text][tm_pb_contact_form admin_label=\u00bbFormulario\u00bb captcha=\u00bboff\u00bb use_redirect=\u00bboff\u00bb input_border_radius=\u00bb0&#8243; use_border_color=\u00bboff\u00bb border_color=\u00bb#ffffff\u00bb border_style=\u00bbsolid\u00bb custom_button=\u00bboff\u00bb button_letter_spacing=\u00bb0&#8243; button_use_icon=\u00bbdefault\u00bb button_icon_placement=\u00bbright\u00bb button_on_hover=\u00bbon\u00bb button_letter_spacing_hover=\u00bb0&#8243; submit_text=\u00bbEnviar\u00bb saved_tabs=\u00bball\u00bb email=\u00bbmgisistemas@paezasociados.com\u00bb custom_message=\u00bbNos ha visitado un posible colaborador. Est\u00e1 muy interesado en trabajar con nosotros, por lo tanto nos ha dejado sus datos. Su nombre es %%Nombre%%, con %%ID%%, n\u00famero %%NumeroId%%. Edad %%Edad%%, Tel\u00e9fono %%Telefono%%, Celular %%Celular%%. Direcci\u00f3n %%Direccion%%. Su residencia es en %%Ciudad%% \/ %%Departamento%%. Su correo electr\u00f3nico %%Email%%. Y afirma que %%Traslado%% puede desplazarse a otras ciudades. La podemos encontrar en facebook como %%Facebook%% y en Linkedin como %%Linkedin%%\u00bb success_message=\u00bbEl mensaje se ha enviado correctamente. Estudiaremos los datos y nos estaremos comunicando\u00bb]<\/p>\n<p>\n[tm_pb_contact_field field_title=\u00bbNombres y Apellidos\u00bb field_type=\u00bbinput\u00bb field_id=\u00bbNombre\u00bb required_mark=\u00bbon\u00bb fullwidth_field=\u00bboff\u00bb field_placeholder=\u00bbMis Nombres y Apellidos\u00bb select_multiple=\u00bbon\u00bb select_first_blank=\u00bbon\u00bb show_label=\u00bboff\u00bb field_width=\u00bbcol-md-12&#8243; form_field_font_select=\u00bbdefault\u00bb form_field_font=\u00bb||||\u00bb use_border_color=\u00bboff\u00bb border_style=\u00bbsolid\u00bb]<\/p>\n<p>&nbsp;<\/p>\n<p>&nbsp;<\/p>\n<p>[\/tm_pb_contact_field][tm_pb_contact_field field_id=\u00bbID\u00bb field_placeholder=\u00bbMI tipo de identificaci\u00f3n\u00bb field_type=\u00bbselect\u00bb select_options=\u00bbTarjeta de Identidad;C\u00e9dula de Ciudadan\u00eda;Pasaporte;C\u00e9dula de Extranjer\u00eda\u00bb select_multiple=\u00bboff\u00bb select_first_blank=\u00bbon\u00bb required_mark=\u00bbon\u00bb show_label=\u00bbon\u00bb field_width=\u00bbcol-md-8&#8243; form_field_font_select=\u00bbdefault\u00bb form_field_font=\u00bb||||\u00bb use_border_color=\u00bboff\u00bb border_style=\u00bbsolid\u00bb]<\/p>\n<p>[\/tm_pb_contact_field][tm_pb_contact_field field_id=\u00bbNumeroId\u00bb field_title=\u00bbIdentificaci\u00f3n\u00bb field_placeholder=\u00bbMi N\u00famero de Identificaci\u00f3n\u00bb field_type=\u00bbinput\u00bb select_multiple=\u00bbon\u00bb select_first_blank=\u00bbon\u00bb required_mark=\u00bbon\u00bb show_label=\u00bboff\u00bb field_width=\u00bbcol-md-12&#8243; form_field_font_select=\u00bbdefault\u00bb form_field_font=\u00bb||||\u00bb use_border_color=\u00bboff\u00bb border_style=\u00bbsolid\u00bb]<\/p>\n<p>[\/tm_pb_contact_field][tm_pb_contact_field field_id=\u00bbEdad\u00bb field_title=\u00bbEdad\u00bb field_placeholder=\u00bbMi Edad\u00bb field_type=\u00bbinput\u00bb select_multiple=\u00bbon\u00bb select_first_blank=\u00bbon\u00bb required_mark=\u00bbon\u00bb show_label=\u00bboff\u00bb field_width=\u00bbcol-md-12&#8243; form_field_font_select=\u00bbdefault\u00bb form_field_font=\u00bb||||\u00bb use_border_color=\u00bboff\u00bb border_style=\u00bbsolid\u00bb]<\/p>\n<p>[\/tm_pb_contact_field][tm_pb_contact_field field_id=\u00bbTelefono\u00bb field_title=\u00bbN\u00famero Telef\u00f3nico\u00bb field_placeholder=\u00bbMi n\u00famero Telef\u00f3nico es\u00bb field_type=\u00bbinput\u00bb select_multiple=\u00bbon\u00bb select_first_blank=\u00bbon\u00bb required_mark=\u00bbon\u00bb show_label=\u00bboff\u00bb field_width=\u00bbcol-md-12&#8243; form_field_font_select=\u00bbdefault\u00bb form_field_font=\u00bb||||\u00bb use_border_color=\u00bboff\u00bb border_style=\u00bbsolid\u00bb]<\/p>\n<p>[\/tm_pb_contact_field][tm_pb_contact_field field_id=\u00bbCelular\u00bb field_title=\u00bbN\u00famero M\u00f3vil\u00bb field_placeholder=\u00bbMI n\u00famero M\u00f3vil es\u00bb field_type=\u00bbinput\u00bb select_multiple=\u00bbon\u00bb select_first_blank=\u00bbon\u00bb required_mark=\u00bbon\u00bb show_label=\u00bboff\u00bb field_width=\u00bbcol-md-12&#8243; form_field_font_select=\u00bbdefault\u00bb form_field_font=\u00bb||||\u00bb use_border_color=\u00bboff\u00bb border_style=\u00bbsolid\u00bb]<\/p>\n<p>[\/tm_pb_contact_field][tm_pb_contact_field field_id=\u00bbDireccion\u00bb field_title=\u00bbDirecci\u00f3n\u00bb field_placeholder=\u00bbMi direcci\u00f3n\u00bb field_type=\u00bbinput\u00bb select_multiple=\u00bbon\u00bb select_first_blank=\u00bbon\u00bb required_mark=\u00bbon\u00bb show_label=\u00bboff\u00bb field_width=\u00bbcol-md-12&#8243; form_field_font_select=\u00bbdefault\u00bb form_field_font=\u00bb||||\u00bb use_border_color=\u00bboff\u00bb border_style=\u00bbsolid\u00bb]<\/p>\n<p>[\/tm_pb_contact_field][tm_pb_contact_field field_id=\u00bbCiudad\u00bb field_title=\u00bbCiudad\u00bb field_placeholder=\u00bbVivo en la ciudad de\u00bb field_type=\u00bbinput\u00bb select_multiple=\u00bbon\u00bb select_first_blank=\u00bbon\u00bb required_mark=\u00bbon\u00bb show_label=\u00bboff\u00bb field_width=\u00bbcol-md-12&#8243; form_field_font_select=\u00bbdefault\u00bb form_field_font=\u00bb||||\u00bb use_border_color=\u00bboff\u00bb border_style=\u00bbsolid\u00bb]<\/p>\n<p>[\/tm_pb_contact_field][tm_pb_contact_field field_id=\u00bbDepartamento\u00bb field_title=\u00bbDepartamento\u00bb field_placeholder=\u00bbDel departamento de\u00bb field_type=\u00bbinput\u00bb select_multiple=\u00bbon\u00bb select_first_blank=\u00bbon\u00bb required_mark=\u00bbon\u00bb show_label=\u00bboff\u00bb field_width=\u00bbcol-md-12&#8243; form_field_font_select=\u00bbdefault\u00bb form_field_font=\u00bb||||\u00bb use_border_color=\u00bboff\u00bb border_style=\u00bbsolid\u00bb]<\/p>\n<p>[\/tm_pb_contact_field][tm_pb_contact_field field_title=\u00bbYour e-mail\u00bb field_type=\u00bbemail\u00bb field_id=\u00bbEmail\u00bb required_mark=\u00bbon\u00bb fullwidth_field=\u00bboff\u00bb field_placeholder=\u00bbMi correo electr\u00f3nico es\u00bb select_multiple=\u00bbon\u00bb select_first_blank=\u00bbon\u00bb show_label=\u00bboff\u00bb field_width=\u00bbcol-md-12&#8243; form_field_font_select=\u00bbdefault\u00bb form_field_font=\u00bb||||\u00bb use_border_color=\u00bboff\u00bb border_style=\u00bbsolid\u00bb]<\/p>\n<p>[\/tm_pb_contact_field][tm_pb_contact_field field_id=\u00bbTraslado\u00bb field_placeholder=\u00bbPoseo la facilidad de trasladarme a otra ciudad\u00bb field_type=\u00bbselect\u00bb select_options=\u00bbSi;No\u00bb select_multiple=\u00bbon\u00bb select_first_blank=\u00bbon\u00bb required_mark=\u00bbon\u00bb show_label=\u00bbon\u00bb field_width=\u00bbcol-md-12&#8243; form_field_font_select=\u00bbdefault\u00bb form_field_font=\u00bb||||\u00bb use_border_color=\u00bboff\u00bb border_style=\u00bbsolid\u00bb]<\/p>\n<p>[\/tm_pb_contact_field][tm_pb_contact_field field_id=\u00bbFacebook\u00bb field_placeholder=\u00bbMe encuentran en Facebook como:\u00bb field_type=\u00bbinput\u00bb select_multiple=\u00bbon\u00bb select_first_blank=\u00bbon\u00bb required_mark=\u00bbon\u00bb show_label=\u00bboff\u00bb field_width=\u00bbcol-md-12&#8243; form_field_font_select=\u00bbdefault\u00bb form_field_font=\u00bb||||\u00bb use_border_color=\u00bboff\u00bb border_style=\u00bbsolid\u00bb field_title=\u00bbFacebook\u00bb]<\/p>\n<p>[\/tm_pb_contact_field][tm_pb_contact_field field_id=\u00bbLinkedin\u00bb field_placeholder=\u00bbMe encuentran en Linkedin como:\u00bb field_type=\u00bbinput\u00bb select_multiple=\u00bbon\u00bb select_first_blank=\u00bbon\u00bb required_mark=\u00bbon\u00bb show_label=\u00bboff\u00bb field_width=\u00bbcol-md-12&#8243; form_field_font_select=\u00bbdefault\u00bb form_field_font=\u00bb||||\u00bb use_border_color=\u00bboff\u00bb border_style=\u00bbsolid\u00bb field_title=\u00bbLinkedin\u00bb]<\/p>\n<p>[\/tm_pb_contact_field]<\/p>\n<p>[\/tm_pb_contact_form][\/tm_pb_column][\/tm_pb_row][\/tm_pb_section][tm_pb_section admin_label=\u00bbSection\u00bb fullwidth=\u00bboff\u00bb specialty=\u00bboff\u00bb][tm_pb_row admin_label=\u00bbRow\u00bb make_fullwidth=\u00bboff\u00bb use_custom_width=\u00bboff\u00bb use_grid_padding=\u00bbon\u00bb width_unit=\u00bbon\u00bb padding_mobile=\u00bboff\u00bb disabled=\u00bbon\u00bb disabled_on=\u00bbon|on|on|on\u00bb allow_player_pause=\u00bboff\u00bb parallax=\u00bboff\u00bb parallax_method=\u00bboff\u00bb make_equal=\u00bboff\u00bb parallax_1=\u00bboff\u00bb parallax_method_1=\u00bboff\u00bb vertical_alligment_1=\u00bbstart\u00bb responsive_laptop_1=\u00bbinherit\u00bb responsive_tablet_1=\u00bbinherit\u00bb responsive_phone_1=\u00bbinherit\u00bb order_laptop_1=\u00bb1&#8243; order_tablet_1=\u00bb1&#8243; order_phone_1=\u00bb1&#8243; column_padding_mobile=\u00bbon\u00bb][tm_pb_column type=\u00bb4_4&#8243;][tm_pb_text admin_label=\u00bbText\u00bb text_orientation=\u00bbleft\u00bb use_border_color=\u00bboff\u00bb border_color=\u00bb#ffffff\u00bb border_style=\u00bbsolid\u00bb]<\/p>\n<h3>Nuestro Equipo<\/h3>\n<p>[\/tm_pb_text][tm_pb_divider admin_label=\u00bbDivider\u00bb color=\u00bb#ffffff\u00bb show_divider=\u00bboff\u00bb height=\u00bb30&#8243; height_phone=\u00bb27&#8243; height_last_edited=\u00bbon|phone\u00bb divider_style=\u00bbsolid\u00bb]<\/p>\n<p>[\/tm_pb_divider][tm_pb_cherry_team admin_label=\u00bbTeam\u00bb columns=\u00bb4&#8243; columns_laptop=\u00bb4&#8243; columns_tablet=\u00bb4&#8243; columns_phone=\u00bb2&#8243; show_filters=\u00bboff\u00bb more=\u00bbon\u00bb ajax_more=\u00bbon\u00bb pagination=\u00bboff\u00bb image_size=\u00bbthumbnail\u00bb show_name=\u00bbon\u00bb show_photo=\u00bbon\u00bb show_desc=\u00bbon\u00bb show_position=\u00bbon\u00bb show_social=\u00bbon\u00bb template=\u00bbdefault\u00bb use_space=\u00bbon\u00bb use_rows_space=\u00bbon\u00bb more_text=\u00bbM\u00e1s\u00bb]<\/p>\n<p>[\/tm_pb_cherry_team][\/tm_pb_column][\/tm_pb_row][\/tm_pb_section]<\/p>\n","protected":false},"excerpt":{"rendered":"<p>[tm_pb_section admin_label=\u00bbSection\u00bb fullwidth=\u00bboff\u00bb specialty=\u00bboff\u00bb background_image=\u00bbhttps:\/\/www.paezasociados.com\/site\/wp-content\/uploads\/2016\/12\/work-with-us.png\u00bb transparent_background=\u00bbon\u00bb allow_player_pause=\u00bboff\u00bb inner_shadow=\u00bboff\u00bb parallax=\u00bbon\u00bb parallax_method=\u00bbon\u00bb padding_mobile=\u00bboff\u00bb make_fullwidth=\u00bboff\u00bb use_custom_width=\u00bboff\u00bb width_unit=\u00bbon\u00bb make_equal=\u00bboff\u00bb use_custom_gutter=\u00bboff\u00bb background_color=\u00bb#b7d1ed\u00bb custom_padding=\u00bb100px||100px|\u00bb custom_padding_last_edited=\u00bbon|phone\u00bb][tm_pb_row admin_label=\u00bbRow\u00bb make_fullwidth=\u00bboff\u00bb use_custom_width=\u00bboff\u00bb use_grid_padding=\u00bbon\u00bb width_unit=\u00bbon\u00bb padding_mobile=\u00bboff\u00bb custom_margin_last_edited=\u00bboff|desktop\u00bb allow_player_pause=\u00bboff\u00bb parallax=\u00bboff\u00bb parallax_method=\u00bboff\u00bb make_equal=\u00bboff\u00bb parallax_1=\u00bboff\u00bb parallax_method_1=\u00bboff\u00bb vertical_alligment_1=\u00bbstart\u00bb responsive_laptop_1=\u00bbinherit\u00bb responsive_tablet_1=\u00bbinherit\u00bb responsive_phone_1=\u00bbinherit\u00bb order_laptop_1=\u00bb1&#8243; order_tablet_1=\u00bb1&#8243; order_phone_1=\u00bb1&#8243; column_padding_mobile=\u00bbon\u00bb][tm_pb_column type=\u00bb4_4&#8243;][tm_pb_text admin_label=\u00bbText\u00bb text_orientation=\u00bbcenter\u00bb use_border_color=\u00bboff\u00bb border_color=\u00bb#ffffff\u00bb border_style=\u00bbsolid\u00bb disabled=\u00bbon\u00bb disabled_on=\u00bbon|on|on|on\u00bb] Trabaje con Nosotros [\/tm_pb_text][\/tm_pb_column][\/tm_pb_row][\/tm_pb_section][tm_pb_section admin_label=\u00bbSection\u00bb fullwidth=\u00bboff\u00bb specialty=\u00bboff\u00bb [&hellip;]<\/p>\n","protected":false},"author":1,"featured_media":0,"parent":0,"menu_order":0,"comment_status":"closed","ping_status":"closed","template":"","meta":{"footnotes":""},"class_list":["post-474","page","type-page","status-publish","hentry"],"_links":{"self":[{"href":"https:\/\/www.paezasociados.com\/site\/wp-json\/wp\/v2\/pages\/474","targetHints":{"allow":["GET"]}}],"collection":[{"href":"https:\/\/www.paezasociados.com\/site\/wp-json\/wp\/v2\/pages"}],"about":[{"href":"https:\/\/www.paezasociados.com\/site\/wp-json\/wp\/v2\/types\/page"}],"author":[{"embeddable":true,"href":"https:\/\/www.paezasociados.com\/site\/wp-json\/wp\/v2\/users\/1"}],"replies":[{"embeddable":true,"href":"https:\/\/www.paezasociados.com\/site\/wp-json\/wp\/v2\/comments?post=474"}],"version-history":[{"count":38,"href":"https:\/\/www.paezasociados.com\/site\/wp-json\/wp\/v2\/pages\/474\/revisions"}],"predecessor-version":[{"id":1957,"href":"https:\/\/www.paezasociados.com\/site\/wp-json\/wp\/v2\/pages\/474\/revisions\/1957"}],"wp:attachment":[{"href":"https:\/\/www.paezasociados.com\/site\/wp-json\/wp\/v2\/media?parent=474"}],"curies":[{"name":"wp","href":"https:\/\/api.w.org\/{rel}","templated":true}]}}