{"id":1934,"date":"2017-10-18T12:34:10","date_gmt":"2017-10-18T17:34:10","guid":{"rendered":"http:\/\/www.paezasociados.com\/site\/?page_id=1934"},"modified":"2022-04-08T16:42:45","modified_gmt":"2022-04-08T21:42:45","slug":"experiencia","status":"publish","type":"page","link":"https:\/\/www.paezasociados.com\/site\/experiencia","title":{"rendered":"Experiencia"},"content":{"rendered":"\n<div class=\"wp-block-group is-layout-flow wp-block-group-is-layout-flow\"><p>[tm_pb_section admin_label=\u00bbsection\u00bb background_image=\u00bbhttps:\/\/www.paezasociados.com\/site\/wp-content\/uploads\/2017\/10\/Experiencia-opaco.png\u00bb transparent_background=\u00bbon\u00bb allow_player_pause=\u00bboff\u00bb inner_shadow=\u00bboff\u00bb parallax=\u00bbon\u00bb parallax_method=\u00bboff\u00bb custom_padding=\u00bb100px||100px|\u00bb custom_padding_last_edited=\u00bbon|phone\u00bb padding_mobile=\u00bboff\u00bb make_fullwidth=\u00bboff\u00bb use_custom_width=\u00bboff\u00bb width_unit=\u00bbon\u00bb make_equal=\u00bboff\u00bb use_custom_gutter=\u00bboff\u00bb][tm_pb_row admin_label=\u00bbrow\u00bb][tm_pb_column type=\u00bb4_4&#8243;][tm_pb_text admin_label=\u00bbText\u00bb text_orientation=\u00bbcenter\u00bb use_border_color=\u00bboff\u00bb border_color=\u00bb#ffffff\u00bb border_style=\u00bbsolid\u00bb]<\/p>\n<h1><span style=\"color: #ffffff;\">Experiencia<\/span><\/h1>\n<p>[\/tm_pb_text][\/tm_pb_column][\/tm_pb_row][\/tm_pb_section]<\/p>\n<\/div>\n\n\n<p>[tm_pb_section admin_label=\u00bbSection\u00bb fullwidth=\u00bboff\u00bb specialty=\u00bboff\u00bb][tm_pb_row admin_label=\u00bbRow\u00bb][tm_pb_column type=\u00bb2_3&#8243;][tm_pb_text admin_label=\u00bbText\u00bb text_orientation=\u00bbleft\u00bb use_border_color=\u00bboff\u00bb border_color=\u00bb#ffffff\u00bb border_style=\u00bbsolid\u00bb]<\/p>\n<p>[th-slider]<\/p>\n<p>[\/tm_pb_text][\/tm_pb_column][tm_pb_column type=\u00bb1_3&#8243;][tm_pb_text admin_label=\u00bbText\u00bb text_orientation=\u00bbcenter\u00bb use_border_color=\u00bboff\u00bb border_color=\u00bb#ffffff\u00bb border_style=\u00bbsolid\u00bb]<\/p>\n<h3>Servicios orientados para servir a su negocio<\/h3>\n<p>[\/tm_pb_text][tm_pb_divider admin_label=\u00bbDivider\u00bb color=\u00bb#ffffff\u00bb show_divider=\u00bboff\u00bb height=\u00bb32&#8243; divider_style=\u00bbsolid\u00bb]<\/p>\n<p>[\/tm_pb_divider][tm_pb_text admin_label=\u00bbText\u00bb text_orientation=\u00bbcenter\u00bb use_border_color=\u00bboff\u00bb border_color=\u00bb#ffffff\u00bb border_style=\u00bbsolid\u00bb]<\/p>\n<h6><\/h6>\n<hr \/>\n<p><span style=\"font-family: arial, helvetica, sans-serif;\">No importa su tama\u00f1o, desde empresas de peque\u00f1o y mediano tama\u00f1o, a negocios familiares.<\/span><\/p>\n<p>[\/tm_pb_text][tm_pb_divider admin_label=\u00bbDivider\u00bb color=\u00bb#ffffff\u00bb show_divider=\u00bboff\u00bb height=\u00bb32&#8243; divider_style=\u00bbsolid\u00bb]<\/p>\n<p>[\/tm_pb_divider][tm_pb_cherry_services admin_label=\u00bbServices\u00bb columns=\u00bb2&#8243; columns_laptop=\u00bb2&#8243; columns_tablet=\u00bb2&#8243; columns_phone=\u00bb2&#8243; category=\u00bb21,62,64,63,72&#8243; posts_per_page=\u00bb24&#8243; show_filters=\u00bboff\u00bb more=\u00bbon\u00bb ajax_more=\u00bbon\u00bb pagination=\u00bboff\u00bb image_size=\u00bbmedium_large\u00bb show_title=\u00bbon\u00bb show_media=\u00bbon\u00bb show_content=\u00bboff\u00bb template=\u00bbdefault\u00bb use_space=\u00bbon\u00bb use_rows_space=\u00bbon\u00bb]<\/p>\n<p>[\/tm_pb_cherry_services][\/tm_pb_column][\/tm_pb_row][\/tm_pb_section]<\/p>\n\n\n<p>[tm_pb_section admin_label=\u00bbSection\u00bb fullwidth=\u00bboff\u00bb specialty=\u00bboff\u00bb][tm_pb_row admin_label=\u00bbRow\u00bb][tm_pb_column type=\u00bb4_4&#8243;][tm_pb_sidebar admin_label=\u00bbSidebar\u00bb orientation=\u00bbleft\u00bb area=\u00bbcherry-sidebars-0&#8243; header_text_color=\u00bb#ffffff\u00bb body_text_color=\u00bb#ffffff\u00bb]<\/p>\n<p>[\/tm_pb_sidebar][\/tm_pb_column][\/tm_pb_row][\/tm_pb_section]<\/p>\n","protected":false},"excerpt":{"rendered":"","protected":false},"author":1,"featured_media":0,"parent":0,"menu_order":0,"comment_status":"closed","ping_status":"closed","template":"","meta":{"footnotes":""},"class_list":["post-1934","page","type-page","status-publish","hentry"],"_links":{"self":[{"href":"https:\/\/www.paezasociados.com\/site\/wp-json\/wp\/v2\/pages\/1934","targetHints":{"allow":["GET"]}}],"collection":[{"href":"https:\/\/www.paezasociados.com\/site\/wp-json\/wp\/v2\/pages"}],"about":[{"href":"https:\/\/www.paezasociados.com\/site\/wp-json\/wp\/v2\/types\/page"}],"author":[{"embeddable":true,"href":"https:\/\/www.paezasociados.com\/site\/wp-json\/wp\/v2\/users\/1"}],"replies":[{"embeddable":true,"href":"https:\/\/www.paezasociados.com\/site\/wp-json\/wp\/v2\/comments?post=1934"}],"version-history":[{"count":20,"href":"https:\/\/www.paezasociados.com\/site\/wp-json\/wp\/v2\/pages\/1934\/revisions"}],"predecessor-version":[{"id":3895,"href":"https:\/\/www.paezasociados.com\/site\/wp-json\/wp\/v2\/pages\/1934\/revisions\/3895"}],"wp:attachment":[{"href":"https:\/\/www.paezasociados.com\/site\/wp-json\/wp\/v2\/media?parent=1934"}],"curies":[{"name":"wp","href":"https:\/\/api.w.org\/{rel}","templated":true}]}}