{"id":1293,"date":"2017-07-19T22:01:03","date_gmt":"2017-07-20T03:01:03","guid":{"rendered":"http:\/\/www.paezasociados.com\/site\/?page_id=1293"},"modified":"2019-06-25T17:47:28","modified_gmt":"2019-06-25T22:47:28","slug":"internacional","status":"publish","type":"page","link":"https:\/\/www.paezasociados.com\/site\/internacional","title":{"rendered":"Internacional"},"content":{"rendered":"<p>[tm_pb_section admin_label=\u00bbsection\u00bb background_image=\u00bbhttps:\/\/www.paezasociados.com\/site\/wp-content\/uploads\/2017\/07\/internacional.png\u00bb transparent_background=\u00bbon\u00bb allow_player_pause=\u00bboff\u00bb inner_shadow=\u00bboff\u00bb parallax=\u00bbon\u00bb parallax_method=\u00bboff\u00bb custom_padding=\u00bb100px||100px|\u00bb custom_padding_phone=\u00bb40px||40px|\u00bb custom_padding_last_edited=\u00bbon|tablet\u00bb padding_mobile=\u00bboff\u00bb make_fullwidth=\u00bboff\u00bb use_custom_width=\u00bboff\u00bb width_unit=\u00bbon\u00bb make_equal=\u00bboff\u00bb use_custom_gutter=\u00bboff\u00bb][tm_pb_row admin_label=\u00bbrow\u00bb][tm_pb_column type=\u00bb4_4&#8243;][tm_pb_text admin_label=\u00bbText\u00bb text_orientation=\u00bbcenter\u00bb use_border_color=\u00bboff\u00bb border_color=\u00bb#ffffff\u00bb border_style=\u00bbsolid\u00bb]<\/p>\n<h1><span style=\"color: #ffffff;\">Internacional<\/span><\/h1>\n<p>[\/tm_pb_text][\/tm_pb_column][\/tm_pb_row][\/tm_pb_section][tm_pb_section admin_label=\u00bbSection\u00bb fullwidth=\u00bboff\u00bb specialty=\u00bboff\u00bb][tm_pb_row admin_label=\u00bbRow\u00bb][tm_pb_column type=\u00bb1_4&#8243;][tm_pb_divider admin_label=\u00bbDivider\u00bb color=\u00bb#ffffff\u00bb show_divider=\u00bboff\u00bb height=\u00bb92&#8243; divider_style=\u00bbsolid\u00bb custom_margin=\u00bb50px||50px|\u00bb]<\/p>\n<p>[\/tm_pb_divider][tm_pb_image admin_label=\u00bbImage\u00bb src=\u00bbhttps:\/\/www.paezasociados.com\/site\/wp-content\/uploads\/2017\/07\/porq_mgi.png\u00bb show_in_lightbox=\u00bboff\u00bb url_new_window=\u00bboff\u00bb use_overlay=\u00bboff\u00bb animation=\u00bbbottom\u00bb sticky=\u00bboff\u00bb align=\u00bbleft\u00bb force_fullwidth=\u00bboff\u00bb always_center_on_mobile=\u00bbon\u00bb use_border_color=\u00bboff\u00bb border_color=\u00bb#ffffff\u00bb border_style=\u00bbsolid\u00bb]<\/p>\n<p>[\/tm_pb_image][tm_pb_divider admin_label=\u00bbDivider\u00bb color=\u00bb#ffffff\u00bb show_divider=\u00bboff\u00bb height=\u00bb92&#8243; divider_style=\u00bbsolid\u00bb custom_margin=\u00bb50px||50px|\u00bb]<\/p>\n<p>[\/tm_pb_divider][\/tm_pb_column][tm_pb_column type=\u00bb1_2&#8243;][tm_pb_divider admin_label=\u00bbDivider\u00bb color=\u00bb#ffffff\u00bb show_divider=\u00bboff\u00bb height=\u00bb94&#8243; divider_style=\u00bbsolid\u00bb custom_margin=\u00bb50px||50px|\u00bb]<\/p>\n<p>[\/tm_pb_divider][tm_pb_text admin_label=\u00bbText\u00bb text_orientation=\u00bbjustified\u00bb use_border_color=\u00bboff\u00bb border_color=\u00bb#ffffff\u00bb border_style=\u00bbsolid\u00bb]<\/p>\n<h3><span style=\"font-family: arial, helvetica, sans-serif;\">Red Global de Empresas Contables<\/span><\/h3>\n<p>MGI Worldwide es una asociaci\u00f3n global de empresas independientes de auditor\u00eda, impuestos, contabilidad y consultor\u00eda.\u00a0Una\u00a0red de contabilidad internacional con clasificaci\u00f3n en\u00a0<strong>20 pa\u00edses<\/strong>\u00a0, con cerca de 5.000 auditores <span style=\"font-family: arial, helvetica, sans-serif;\">independientes, contadores y expertos en impuestos en m\u00e1s de 250 localidades.<\/span><\/p>\n<p>[\/tm_pb_text][tm_pb_divider admin_label=\u00bbDivider\u00bb color=\u00bb#ffffff\u00bb show_divider=\u00bboff\u00bb height=\u00bb94&#8243; divider_style=\u00bbsolid\u00bb custom_margin=\u00bb50px||50px|\u00bb]<\/p>\n<p>[\/tm_pb_divider][\/tm_pb_column][tm_pb_column type=\u00bb1_4&#8243;][tm_pb_image admin_label=\u00bbImage\u00bb src=\u00bbhttps:\/\/www.paezasociados.com\/site\/wp-content\/uploads\/2017\/07\/MGI-2017-certificado.jpg\u00bb show_in_lightbox=\u00bboff\u00bb url_new_window=\u00bboff\u00bb use_overlay=\u00bboff\u00bb animation=\u00bbbottom\u00bb sticky=\u00bboff\u00bb align=\u00bbleft\u00bb force_fullwidth=\u00bboff\u00bb always_center_on_mobile=\u00bbon\u00bb use_border_color=\u00bboff\u00bb border_color=\u00bb#ffffff\u00bb border_style=\u00bbsolid\u00bb]<\/p>\n<p>[\/tm_pb_image][\/tm_pb_column][\/tm_pb_row][tm_pb_row admin_label=\u00bbRow\u00bb make_fullwidth=\u00bboff\u00bb use_custom_width=\u00bboff\u00bb use_grid_padding=\u00bbon\u00bb width_unit=\u00bbon\u00bb padding_mobile=\u00bboff\u00bb background_color=\u00bb#eeeff0&#8243; allow_player_pause=\u00bboff\u00bb parallax=\u00bboff\u00bb parallax_method=\u00bboff\u00bb make_equal=\u00bboff\u00bb parallax_1=\u00bboff\u00bb parallax_method_1=\u00bboff\u00bb vertical_alligment_1=\u00bbstart\u00bb responsive_laptop_1=\u00bbinherit\u00bb responsive_tablet_1=\u00bbinherit\u00bb responsive_phone_1=\u00bbinherit\u00bb order_laptop_1=\u00bb1&#8243; order_tablet_1=\u00bb1&#8243; order_phone_1=\u00bb1&#8243; column_padding_mobile=\u00bbon\u00bb][tm_pb_column type=\u00bb4_4&#8243;][tm_pb_divider admin_label=\u00bbDivider\u00bb color=\u00bb#ffffff\u00bb show_divider=\u00bboff\u00bb height=\u00bb52&#8243; divider_style=\u00bbsolid\u00bb custom_margin=\u00bb10px||10px|\u00bb]<\/p>\n<p>[\/tm_pb_divider][\/tm_pb_column][\/tm_pb_row][tm_pb_row admin_label=\u00bbRow\u00bb make_fullwidth=\u00bboff\u00bb use_custom_width=\u00bboff\u00bb use_grid_padding=\u00bbon\u00bb width_unit=\u00bbon\u00bb padding_mobile=\u00bboff\u00bb background_color=\u00bb#eeeff0&#8243; allow_player_pause=\u00bboff\u00bb parallax=\u00bboff\u00bb parallax_method=\u00bboff\u00bb make_equal=\u00bboff\u00bb parallax_1=\u00bboff\u00bb parallax_method_1=\u00bboff\u00bb vertical_alligment_1=\u00bbstart\u00bb responsive_laptop_1=\u00bbinherit\u00bb responsive_tablet_1=\u00bbinherit\u00bb responsive_phone_1=\u00bbinherit\u00bb order_laptop_1=\u00bb1&#8243; order_tablet_1=\u00bb1&#8243; order_phone_1=\u00bb1&#8243; parallax_2=\u00bboff\u00bb parallax_method_2=\u00bboff\u00bb vertical_alligment_2=\u00bbstart\u00bb responsive_laptop_2=\u00bbinherit\u00bb responsive_tablet_2=\u00bbinherit\u00bb responsive_phone_2=\u00bbinherit\u00bb order_laptop_2=\u00bb2&#8243; order_tablet_2=\u00bb2&#8243; order_phone_2=\u00bb2&#8243; column_padding_mobile=\u00bbon\u00bb][tm_pb_column type=\u00bb1_2&#8243;][tm_pb_video admin_label=\u00bbVideo\u00bb src=\u00bbhttps:\/\/www.youtube.com\/watch?v=WREi9s9_NfM\u00bb]<\/p>\n<p>[\/tm_pb_video][tm_pb_text admin_label=\u00bbText\u00bb text_orientation=\u00bbjustified\u00bb text_text_color=\u00bb#6e6e6e\u00bb use_border_color=\u00bboff\u00bb border_color=\u00bb#ffffff\u00bb border_style=\u00bbsolid\u00bb text_font_size=\u00bb10&#8243;]<\/p>\n<p id=\"pCopyright\" class=\"copy-rights\"><strong>\u00a9 Copyright MGI World 2003-2016.\u00a0Todos los derechos reservados.<br \/>\n<\/strong>MGI Worldwide es una red de empresas independientes de auditor\u00eda, impuestos, contabilidad y consultor\u00eda. MGI Worldwide no presta servicios y sus empresas miembros no son una sociedad. Cada empresa miembro es una entidad independiente, ni MGI Worldwide y ninguna firma aceptar\u00e1 la responsabilidad de las actividades, trabajos, opiniones o servicios de<strong><br \/>\n<\/strong>otra Firma miembro. Para m\u00e1s informaci\u00f3n, visite el sitio web\u00a0<a href=\"http:\/\/www.mgiworld.com\/legal\" target=\"_blank\" rel=\"noopener\">www.mgiworld.com\/legal<\/a>.<\/p>\n<p>[\/tm_pb_text][\/tm_pb_column][tm_pb_column type=\u00bb1_2&#8243;][tm_pb_text admin_label=\u00bbText\u00bb text_orientation=\u00bbjustified\u00bb use_border_color=\u00bboff\u00bb border_color=\u00bb#ffffff\u00bb border_style=\u00bbsolid\u00bb custom_margin=\u00bb45px|||\u00bb]<\/p>\n<h2 style=\"text-align: left;\">\u00bfPorqu\u00e9 MGI?<\/h2>\n<p>MGI Worldwide es un grupo global de empresas independientes de auditor\u00eda, impuestos, contabilidad y consultor\u00eda. Una red internacional con clasificaci\u00f3n en 20 pa\u00edses , cerca de 5.000 auditores independientes, contadores y expertos en impuestos en m\u00e1s de 250 localidades.<\/p>\n<p>Todos juntos, estamos comprometidos en proporcionar un nivel de servicio personalizado, que no se encuentra en las grandes firmas a nivel mundial. Ayudamos a nuestros clientes a establecer y hacer negocios a nivel local, regional e internacional. Lea sobre <a href=\"http:\/\/www.mgiworld.com\/\" target=\"_blank\" rel=\"noopener\">MGI Worldwide<\/a> y nuestras redes regionales de contabilidad en <a href=\"http:\/\/www.mgiworld.com\/areas\/africa\" target=\"_blank\" rel=\"noopener\">\u00c1frica<\/a> , <a href=\"http:\/\/www.mgiworld.com\/areas\/latin-america\" target=\"_blank\" rel=\"noopener\">Asia<\/a> , <a href=\"http:\/\/www.mgiworld.com\/areas\/australasia\" target=\"_blank\" rel=\"noopener\">Australasia<\/a> , <a href=\"http:\/\/www.mgiworld.com\/areas\/europe\" target=\"_blank\" rel=\"noopener\">Europa<\/a> , <a href=\"http:\/\/www.mgiworld.com\/areas\/latin-america\" target=\"_blank\" rel=\"noopener\">Am\u00e9rica Latina<\/a> , <a href=\"http:\/\/www.mgiworld.com\/areas\/middle-east-north-africa\" target=\"_blank\" rel=\"noopener\">Oriente Medio y Norte de \u00c1frica<\/a> , <a href=\"http:\/\/www.mgiworld.com\/areas\/north-america\" target=\"_blank\" rel=\"noopener\">Norteam\u00e9rica<\/a> y <a href=\"http:\/\/www.mgiworld.com\/areas\/uk-ireland\" target=\"_blank\" rel=\"noopener\">Reino Unido e Irlanda<\/a> . <a href=\"http:\/\/www.mgiworld.com\/about-us\/join-us\" target=\"_blank\" rel=\"noopener\">\u00danase a nosotros.<\/a><\/p>\n<p>[\/tm_pb_text][\/tm_pb_column][\/tm_pb_row][tm_pb_row admin_label=\u00bbRow\u00bb make_fullwidth=\u00bboff\u00bb use_custom_width=\u00bboff\u00bb use_grid_padding=\u00bbon\u00bb width_unit=\u00bbon\u00bb padding_mobile=\u00bboff\u00bb background_color=\u00bb#eeeff0&#8243; allow_player_pause=\u00bboff\u00bb parallax=\u00bboff\u00bb parallax_method=\u00bboff\u00bb make_equal=\u00bboff\u00bb parallax_1=\u00bboff\u00bb parallax_method_1=\u00bboff\u00bb vertical_alligment_1=\u00bbstart\u00bb responsive_laptop_1=\u00bbinherit\u00bb responsive_tablet_1=\u00bbinherit\u00bb responsive_phone_1=\u00bbinherit\u00bb order_laptop_1=\u00bb1&#8243; order_tablet_1=\u00bb1&#8243; order_phone_1=\u00bb1&#8243; column_padding_mobile=\u00bbon\u00bb][tm_pb_column type=\u00bb4_4&#8243;][tm_pb_divider admin_label=\u00bbDivider\u00bb color=\u00bb#ffffff\u00bb show_divider=\u00bboff\u00bb height=\u00bb52&#8243; divider_style=\u00bbsolid\u00bb custom_margin=\u00bb10px||10px|\u00bb]<\/p>\n<p>[\/tm_pb_divider][\/tm_pb_column][\/tm_pb_row][\/tm_pb_section][tm_pb_section admin_label=\u00bbSection\u00bb fullwidth=\u00bboff\u00bb specialty=\u00bboff\u00bb transparent_background=\u00bboff\u00bb background_color=\u00bb#b7d1ed\u00bb allow_player_pause=\u00bboff\u00bb inner_shadow=\u00bboff\u00bb parallax=\u00bboff\u00bb parallax_method=\u00bboff\u00bb padding_mobile=\u00bboff\u00bb make_fullwidth=\u00bboff\u00bb use_custom_width=\u00bboff\u00bb width_unit=\u00bbon\u00bb make_equal=\u00bboff\u00bb use_custom_gutter=\u00bboff\u00bb][tm_pb_row admin_label=\u00bbRow\u00bb][tm_pb_column type=\u00bb4_4&#8243;][tm_pb_divider admin_label=\u00bbDivider\u00bb color=\u00bb#ffffff\u00bb show_divider=\u00bboff\u00bb divider_style=\u00bbsolid\u00bb custom_margin=\u00bb50px||50px|\u00bb]<\/p>\n<p>[\/tm_pb_divider][tm_pb_text admin_label=\u00bbText\u00bb text_orientation=\u00bbcenter\u00bb use_border_color=\u00bboff\u00bb border_color=\u00bb#ffffff\u00bb border_style=\u00bbsolid\u00bb]<\/p>\n<h2>Noticias relacionadas con MGI Worldwide<\/h2>\n<p>[\/tm_pb_text][tm_pb_divider admin_label=\u00bbDivider\u00bb color=\u00bb#ffffff\u00bb show_divider=\u00bboff\u00bb divider_style=\u00bbsolid\u00bb custom_margin=\u00bb50px||50px|\u00bb]<\/p>\n<p>[\/tm_pb_divider][tm_pb_blog admin_label=\u00bbBlog\u00bb blog_layout=\u00bbmasonry\u00bb posts_number=\u00bb4&#8243; include_categories=\u00bb5&#8243; show_thumbnail=\u00bbon\u00bb image_size=\u00bbmedium\u00bb show_content=\u00bbnone\u00bb show_more=\u00bboff\u00bb show_author=\u00bboff\u00bb show_date=\u00bbon\u00bb show_categories=\u00bboff\u00bb show_comments=\u00bboff\u00bb show_pagination=\u00bboff\u00bb offset_number=\u00bb0&#8243; use_overlay=\u00bboff\u00bb use_border_color=\u00bboff\u00bb border_color=\u00bb#ffffff\u00bb border_style=\u00bbsolid\u00bb columns_tablet=\u00bb2&#8243; columns_phone=\u00bb1&#8243; columns_last_edited=\u00bbon|desktop\u00bb]<\/p>\n<p>[\/tm_pb_blog][\/tm_pb_column][\/tm_pb_row][\/tm_pb_section][tm_pb_section admin_label=\u00bbSection\u00bb fullwidth=\u00bboff\u00bb specialty=\u00bboff\u00bb background_image=\u00bbhttps:\/\/www.paezasociados.com\/site\/wp-content\/uploads\/2016\/12\/Services4-1-1.png\u00bb transparent_background=\u00bbon\u00bb allow_player_pause=\u00bboff\u00bb inner_shadow=\u00bboff\u00bb parallax=\u00bboff\u00bb parallax_method=\u00bboff\u00bb padding_mobile=\u00bboff\u00bb make_fullwidth=\u00bboff\u00bb use_custom_width=\u00bboff\u00bb width_unit=\u00bbon\u00bb make_equal=\u00bboff\u00bb use_custom_gutter=\u00bboff\u00bb][tm_pb_row admin_label=\u00bbRow\u00bb][tm_pb_column type=\u00bb4_4&#8243;][tm_pb_text admin_label=\u00bbText\u00bb text_orientation=\u00bbcenter\u00bb use_border_color=\u00bboff\u00bb border_color=\u00bb#ffffff\u00bb border_style=\u00bbsolid\u00bb]<\/p>\n<h3>Servicios<\/h3>\n<p>Estamos contentos porque contamos con buenos clientes&#8230; En realidad, esto ha sido productivo de lograr &#8211; Porque cada vez que ayudamos en las distintas complejidades contables, financieras o de tecnolog\u00eda, \u00a1ellos son felices y nosotros tambi\u00e9n!.<\/p>\n<p>[\/tm_pb_text][tm_pb_divider admin_label=\u00bbDivider\u00bb color=\u00bb#ffffff\u00bb show_divider=\u00bboff\u00bb height=\u00bb40&#8243; divider_style=\u00bbsolid\u00bb]<\/p>\n<p>[\/tm_pb_divider][tm_pb_cherry_services admin_label=\u00bbServices\u00bb columns=\u00bb4&#8243; columns_laptop=\u00bb4&#8243; columns_tablet=\u00bb2&#8243; columns_phone=\u00bb2&#8243; category=\u00bb20&#8243; show_filters=\u00bboff\u00bb more=\u00bboff\u00bb ajax_more=\u00bbon\u00bb pagination=\u00bboff\u00bb image_size=\u00bbprocount-thumb-m\u00bb show_title=\u00bbon\u00bb show_media=\u00bbon\u00bb show_content=\u00bboff\u00bb template=\u00bbdefault\u00bb use_space=\u00bbon\u00bb use_rows_space=\u00bbon\u00bb posts_per_page=\u00bb10&#8243;]<\/p>\n<p>[\/tm_pb_cherry_services][\/tm_pb_column][\/tm_pb_row][\/tm_pb_section][tm_pb_section admin_label=\u00bbSection\u00bb fullwidth=\u00bboff\u00bb specialty=\u00bboff\u00bb transparent_background=\u00bboff\u00bb background_color=\u00bb#00919e\u00bb allow_player_pause=\u00bboff\u00bb inner_shadow=\u00bboff\u00bb parallax=\u00bboff\u00bb parallax_method=\u00bboff\u00bb padding_mobile=\u00bboff\u00bb make_fullwidth=\u00bboff\u00bb use_custom_width=\u00bboff\u00bb width_unit=\u00bbon\u00bb make_equal=\u00bboff\u00bb use_custom_gutter=\u00bboff\u00bb][tm_pb_row admin_label=\u00bbRow\u00bb make_fullwidth=\u00bboff\u00bb use_custom_width=\u00bboff\u00bb use_grid_padding=\u00bbon\u00bb width_unit=\u00bbon\u00bb padding_mobile=\u00bboff\u00bb background_color=\u00bb#00919e\u00bb allow_player_pause=\u00bboff\u00bb parallax=\u00bboff\u00bb parallax_method=\u00bboff\u00bb make_equal=\u00bboff\u00bb parallax_1=\u00bboff\u00bb parallax_method_1=\u00bboff\u00bb vertical_alligment_1=\u00bbstart\u00bb responsive_laptop_1=\u00bbinherit\u00bb responsive_tablet_1=\u00bbinherit\u00bb responsive_phone_1=\u00bbinherit\u00bb order_laptop_1=\u00bb1&#8243; order_tablet_1=\u00bb1&#8243; order_phone_1=\u00bb1&#8243; column_padding_mobile=\u00bbon\u00bb][tm_pb_column type=\u00bb4_4&#8243;][tm_pb_cta admin_label=\u00bbCall To Action\u00bb title=\u00bbReciba nuestra Asesor\u00eda\u00bb url_new_window=\u00bboff\u00bb use_background_color=\u00bbon\u00bb background_color=\u00bb#00919e\u00bb text_orientation=\u00bbcenter\u00bb use_border_color=\u00bboff\u00bb border_color=\u00bb#ffffff\u00bb border_style=\u00bbsolid\u00bb custom_button=\u00bboff\u00bb button_letter_spacing=\u00bb0&#8243; button_use_icon=\u00bbdefault\u00bb button_icon_placement=\u00bbright\u00bb button_on_hover=\u00bbon\u00bb button_letter_spacing_hover=\u00bb0&#8243;]<\/p>\n<p>Todos nuestros auditores est\u00e1n disponibles durante toda la semana para proporcionarle su mejor an\u00e1lisis inicial sobre cualquier asunto fiscal, tributario o financiero. Una vez que haya decidido contratar nuestros servicios, estaremos a su disposici\u00f3n hasta el final del proyecto.<\/p>\n<p>[\/tm_pb_cta][tm_pb_divider admin_label=\u00bbDivider\u00bb color=\u00bb#ffffff\u00bb show_divider=\u00bboff\u00bb height=\u00bb55&#8243; divider_style=\u00bbsolid\u00bb]<\/p>\n<p>[\/tm_pb_divider][\/tm_pb_column][\/tm_pb_row][tm_pb_row admin_label=\u00bbRow\u00bb make_fullwidth=\u00bboff\u00bb use_custom_width=\u00bboff\u00bb use_grid_padding=\u00bbon\u00bb width_unit=\u00bbon\u00bb padding_mobile=\u00bboff\u00bb background_color=\u00bb#00919e\u00bb allow_player_pause=\u00bboff\u00bb parallax=\u00bboff\u00bb parallax_method=\u00bboff\u00bb make_equal=\u00bboff\u00bb parallax_1=\u00bboff\u00bb parallax_method_1=\u00bboff\u00bb vertical_alligment_1=\u00bbstart\u00bb responsive_laptop_1=\u00bbinherit\u00bb responsive_tablet_1=\u00bbinherit\u00bb responsive_phone_1=\u00bbinherit\u00bb order_laptop_1=\u00bb1&#8243; order_tablet_1=\u00bb1&#8243; order_phone_1=\u00bb1&#8243; parallax_2=\u00bboff\u00bb parallax_method_2=\u00bboff\u00bb vertical_alligment_2=\u00bbstart\u00bb responsive_laptop_2=\u00bbinherit\u00bb responsive_tablet_2=\u00bbinherit\u00bb responsive_phone_2=\u00bbinherit\u00bb order_laptop_2=\u00bb2&#8243; order_tablet_2=\u00bb2&#8243; order_phone_2=\u00bb2&#8243; parallax_3=\u00bboff\u00bb parallax_method_3=\u00bboff\u00bb vertical_alligment_3=\u00bbstart\u00bb responsive_laptop_3=\u00bbinherit\u00bb responsive_tablet_3=\u00bbinherit\u00bb responsive_phone_3=\u00bbinherit\u00bb order_laptop_3=\u00bb3&#8243; order_tablet_3=\u00bb3&#8243; order_phone_3=\u00bb3&#8243; column_padding_mobile=\u00bbon\u00bb][tm_pb_column type=\u00bb1_3&#8243;][\/tm_pb_column][tm_pb_column type=\u00bb1_3&#8243;][tm_pb_text admin_label=\u00bbText\u00bb text_orientation=\u00bbcenter\u00bb use_border_color=\u00bboff\u00bb border_color=\u00bb#ffffff\u00bb border_style=\u00bbsolid\u00bb text_text_color=\u00bb#ffffff\u00bb text_font=\u00bbArial||||\u00bb]<\/p>\n<p><span style=\"font-size: 14pt; color: #ffffff;\"><strong><span style=\"font-family: arial, helvetica, sans-serif;\">Me gustar\u00eda asesor\u00eda en<\/span><\/strong><\/span><\/p>\n<p>[\/tm_pb_text][tm_pb_divider admin_label=\u00bbDivider\u00bb color=\u00bb#ffffff\u00bb show_divider=\u00bboff\u00bb height=\u00bb19&#8243; divider_style=\u00bbsolid\u00bb]<\/p>\n<p>[\/tm_pb_divider][tm_pb_contact_form admin_label=\u00bbContact Form\u00bb captcha=\u00bboff\u00bb email=\u00bbmgisistemas@paezasociados.com\u00bb use_redirect=\u00bboff\u00bb submit_text=\u00bbEnviar\u00bb input_border_radius=\u00bb0&#8243; use_border_color=\u00bboff\u00bb border_color=\u00bb#ffffff\u00bb border_style=\u00bbsolid\u00bb custom_button=\u00bboff\u00bb button_letter_spacing=\u00bb0&#8243; button_use_icon=\u00bbdefault\u00bb button_icon_placement=\u00bbright\u00bb button_on_hover=\u00bbon\u00bb button_letter_spacing_hover=\u00bb0&#8243;]<\/p>\n<p>[tm_pb_contact_field field_title=\u00bbAsunto\u00bb field_type=\u00bbselect\u00bb field_id=\u00bbAsunto\u00bb required_mark=\u00bbon\u00bb fullwidth_field=\u00bboff\u00bb field_placeholder=\u00bbAsunto\u00bb select_options=\u00bbAuditoria;Integraci\u00f3n y Soluciones TI;Consultor\u00eda de Negocios;Educaci\u00f3n y Capacitaci\u00f3n\u00bb select_multiple=\u00bboff\u00bb select_first_blank=\u00bbon\u00bb show_label=\u00bboff\u00bb field_width=\u00bbcol-md-12&#8243; form_field_font_select=\u00bbdefault\u00bb form_field_font=\u00bb||||\u00bb use_border_color=\u00bboff\u00bb border_style=\u00bbsolid\u00bb] [\/tm_pb_contact_field][tm_pb_contact_field field_title=\u00bbNombre\u00bb field_type=\u00bbinput\u00bb field_id=\u00bbNombre\u00bb required_mark=\u00bbon\u00bb fullwidth_field=\u00bboff\u00bb field_placeholder=\u00bbSu Nombre\u00bb select_multiple=\u00bbon\u00bb select_first_blank=\u00bbon\u00bb show_label=\u00bboff\u00bb field_width=\u00bbcol-md-12&#8243; form_field_font_select=\u00bbdefault\u00bb form_field_font=\u00bb||||\u00bb use_border_color=\u00bboff\u00bb border_style=\u00bbsolid\u00bb] [\/tm_pb_contact_field][tm_pb_contact_field field_title=\u00bbDirecci\u00f3n Email\u00bb field_type=\u00bbemail\u00bb field_id=\u00bbEmail\u00bb required_mark=\u00bbon\u00bb field_placeholder=\u00bbSu e-mail\u00bb select_multiple=\u00bbon\u00bb select_first_blank=\u00bbon\u00bb show_label=\u00bboff\u00bb field_width=\u00bbcol-md-12&#8243; form_field_font_select=\u00bbdefault\u00bb form_field_font=\u00bb||||\u00bb use_border_color=\u00bboff\u00bb border_style=\u00bbsolid\u00bb] [\/tm_pb_contact_field]<\/p>\n<p>[\/tm_pb_contact_form][tm_pb_divider admin_label=\u00bbDivider\u00bb color=\u00bb#ffffff\u00bb show_divider=\u00bboff\u00bb divider_style=\u00bbsolid\u00bb custom_margin=\u00bb100px|||\u00bb]<\/p>\n<p>[\/tm_pb_divider][\/tm_pb_column][tm_pb_column type=\u00bb1_3&#8243;][\/tm_pb_column][\/tm_pb_row][\/tm_pb_section]<\/p>\n","protected":false},"excerpt":{"rendered":"<p>[tm_pb_section admin_label=\u00bbsection\u00bb background_image=\u00bbhttps:\/\/www.paezasociados.com\/site\/wp-content\/uploads\/2017\/07\/internacional.png\u00bb transparent_background=\u00bbon\u00bb allow_player_pause=\u00bboff\u00bb inner_shadow=\u00bboff\u00bb parallax=\u00bbon\u00bb parallax_method=\u00bboff\u00bb custom_padding=\u00bb100px||100px|\u00bb custom_padding_phone=\u00bb40px||40px|\u00bb custom_padding_last_edited=\u00bbon|tablet\u00bb padding_mobile=\u00bboff\u00bb make_fullwidth=\u00bboff\u00bb use_custom_width=\u00bboff\u00bb width_unit=\u00bbon\u00bb make_equal=\u00bboff\u00bb use_custom_gutter=\u00bboff\u00bb][tm_pb_row admin_label=\u00bbrow\u00bb][tm_pb_column type=\u00bb4_4&#8243;][tm_pb_text admin_label=\u00bbText\u00bb text_orientation=\u00bbcenter\u00bb use_border_color=\u00bboff\u00bb border_color=\u00bb#ffffff\u00bb border_style=\u00bbsolid\u00bb] Internacional [\/tm_pb_text][\/tm_pb_column][\/tm_pb_row][\/tm_pb_section][tm_pb_section admin_label=\u00bbSection\u00bb fullwidth=\u00bboff\u00bb specialty=\u00bboff\u00bb][tm_pb_row admin_label=\u00bbRow\u00bb][tm_pb_column type=\u00bb1_4&#8243;][tm_pb_divider admin_label=\u00bbDivider\u00bb color=\u00bb#ffffff\u00bb show_divider=\u00bboff\u00bb height=\u00bb92&#8243; divider_style=\u00bbsolid\u00bb custom_margin=\u00bb50px||50px|\u00bb] [\/tm_pb_divider][tm_pb_image admin_label=\u00bbImage\u00bb src=\u00bbhttps:\/\/www.paezasociados.com\/site\/wp-content\/uploads\/2017\/07\/porq_mgi.png\u00bb show_in_lightbox=\u00bboff\u00bb url_new_window=\u00bboff\u00bb use_overlay=\u00bboff\u00bb animation=\u00bbbottom\u00bb sticky=\u00bboff\u00bb align=\u00bbleft\u00bb force_fullwidth=\u00bboff\u00bb always_center_on_mobile=\u00bbon\u00bb use_border_color=\u00bboff\u00bb border_color=\u00bb#ffffff\u00bb border_style=\u00bbsolid\u00bb] [\/tm_pb_image][tm_pb_divider admin_label=\u00bbDivider\u00bb color=\u00bb#ffffff\u00bb show_divider=\u00bboff\u00bb [&hellip;]<\/p>\n","protected":false},"author":1,"featured_media":0,"parent":0,"menu_order":0,"comment_status":"closed","ping_status":"closed","template":"","meta":{"footnotes":""},"class_list":["post-1293","page","type-page","status-publish","hentry"],"_links":{"self":[{"href":"https:\/\/www.paezasociados.com\/site\/wp-json\/wp\/v2\/pages\/1293","targetHints":{"allow":["GET"]}}],"collection":[{"href":"https:\/\/www.paezasociados.com\/site\/wp-json\/wp\/v2\/pages"}],"about":[{"href":"https:\/\/www.paezasociados.com\/site\/wp-json\/wp\/v2\/types\/page"}],"author":[{"embeddable":true,"href":"https:\/\/www.paezasociados.com\/site\/wp-json\/wp\/v2\/users\/1"}],"replies":[{"embeddable":true,"href":"https:\/\/www.paezasociados.com\/site\/wp-json\/wp\/v2\/comments?post=1293"}],"version-history":[{"count":48,"href":"https:\/\/www.paezasociados.com\/site\/wp-json\/wp\/v2\/pages\/1293\/revisions"}],"predecessor-version":[{"id":2486,"href":"https:\/\/www.paezasociados.com\/site\/wp-json\/wp\/v2\/pages\/1293\/revisions\/2486"}],"wp:attachment":[{"href":"https:\/\/www.paezasociados.com\/site\/wp-json\/wp\/v2\/media?parent=1293"}],"curies":[{"name":"wp","href":"https:\/\/api.w.org\/{rel}","templated":true}]}}